{"id":4755,"date":"2026-02-20T06:13:46","date_gmt":"2026-02-20T06:13:46","guid":{"rendered":"https:\/\/marina-razumovskaja.at\/?page_id=4755"},"modified":"2026-03-02T20:08:23","modified_gmt":"2026-03-02T20:08:23","slug":"komponistin","status":"publish","type":"page","link":"https:\/\/marina-razumovskaja.at\/en\/komponistin\/","title":{"rendered":"Composer"},"content":{"rendered":"<div data-elementor-type=\"wp-page\" data-elementor-id=\"4755\" class=\"elementor elementor-4755\" data-elementor-settings=\"{&quot;ha_cmc_init_switcher&quot;:&quot;no&quot;}\" data-elementor-post-type=\"page\">\n\t\t\t\t<div class=\"elementor-element elementor-element-66ed45b3 e-flex e-con-boxed e-con e-parent\" data-id=\"66ed45b3\" data-element_type=\"container\" data-e-type=\"container\" data-settings=\"{&quot;_ha_eqh_enable&quot;:false}\">\n\t\t\t\t\t<div class=\"e-con-inner\">\n\t\t\t\t<div class=\"elementor-element elementor-element-2aa7fb93 ROb7KR elementor-widget elementor-widget-image\" data-id=\"2aa7fb93\" data-element_type=\"widget\" data-e-type=\"widget\" data-widget_type=\"image.default\">\n\t\t\t\t<div class=\"elementor-widget-container\">\n\t\t\t\t\t\t\t\t\t\t\t\t\t\t\t<img fetchpriority=\"high\" decoding=\"async\" width=\"1952\" height=\"696\" src=\"https:\/\/marina-razumovskaja.at\/wp-content\/uploads\/2026\/02\/DSC_0820-1.avif\" class=\"attachment-full size-full wp-image-5687\" alt=\"dsc 0820\" srcset=\"https:\/\/marina-razumovskaja.at\/wp-content\/uploads\/2026\/02\/DSC_0820-1.avif 1952w, https:\/\/marina-razumovskaja.at\/wp-content\/uploads\/2026\/02\/DSC_0820-1-300x107.avif 300w, https:\/\/marina-razumovskaja.at\/wp-content\/uploads\/2026\/02\/DSC_0820-1-1024x365.avif 1024w, https:\/\/marina-razumovskaja.at\/wp-content\/uploads\/2026\/02\/DSC_0820-1-768x274.avif 768w, https:\/\/marina-razumovskaja.at\/wp-content\/uploads\/2026\/02\/DSC_0820-1-1536x548.avif 1536w, https:\/\/marina-razumovskaja.at\/wp-content\/uploads\/2026\/02\/DSC_0820-1-18x6.avif 18w\" sizes=\"(max-width: 1952px) 100vw, 1952px\" title=\"Composer\">\t\t\t\t\t\t\t\t\t\t\t\t\t\t\t<\/div>\n\t\t\t\t<\/div>\n\t\t\t\t\t<\/div>\n\t\t\t\t<\/div>\n\t\t<div class=\"elementor-element elementor-element-2d4cef95 elementor-hidden-mobile e-flex e-con-boxed e-con e-parent\" data-id=\"2d4cef95\" data-element_type=\"container\" data-e-type=\"container\" data-settings=\"{&quot;_ha_eqh_enable&quot;:false}\">\n\t\t\t\t\t<div class=\"e-con-inner\">\n\t\t\t\t<div class=\"elementor-element elementor-element-28b7ae92 elementor-widget elementor-widget-heading\" data-id=\"28b7ae92\" data-element_type=\"widget\" data-e-type=\"widget\" data-widget_type=\"heading.default\">\n\t\t\t\t<div class=\"elementor-widget-container\">\n\t\t\t\t\t<h3 class=\"elementor-heading-title elementor-size-default\">\u201eIch erschaffe Kl\u00e4nge, die Geschichten tragen und Stimmungen \u00f6ffnen.\u201c<\/h3>\t\t\t\t<\/div>\n\t\t\t\t<\/div>\n\t\t\t\t<div class=\"elementor-element elementor-element-66775817 elementor-widget elementor-widget-image\" data-id=\"66775817\" data-element_type=\"widget\" data-e-type=\"widget\" data-widget_type=\"image.default\">\n\t\t\t\t<div class=\"elementor-widget-container\">\n\t\t\t\t\t\t\t\t\t\t\t\t\t\t\t<img decoding=\"async\" width=\"564\" height=\"34\" src=\"https:\/\/marina-razumovskaja.at\/wp-content\/uploads\/2026\/02\/105788141.avif\" class=\"attachment-full size-full wp-image-4722\" alt=\"105788141\" srcset=\"https:\/\/marina-razumovskaja.at\/wp-content\/uploads\/2026\/02\/105788141.avif 564w, https:\/\/marina-razumovskaja.at\/wp-content\/uploads\/2026\/02\/105788141-300x18.avif 300w\" sizes=\"(max-width: 564px) 100vw, 564px\" title=\"Composer\">\t\t\t\t\t\t\t\t\t\t\t\t\t\t\t<\/div>\n\t\t\t\t<\/div>\n\t\t\t\t<div class=\"elementor-element elementor-element-4a788982 elementor-widget elementor-widget-text-editor\" data-id=\"4a788982\" data-element_type=\"widget\" data-e-type=\"widget\" data-widget_type=\"text-editor.default\">\n\t\t\t\t<div class=\"elementor-widget-container\">\n\t\t\t\t\t\t\t\t\t<p><strong>Composition &amp; Sound Design<\/strong><\/p><p>Marina Razumovskaya is engaged as a composer for theater, film, dance, readings, and radio plays. She writes works for ensembles, instrumentalists, and choirs\u2014pieces that she either performs herself or has performed live by others.<\/p><p><strong>Musical Signature<\/strong><\/p><p>Her music is characterized by a warm, accessible character that tells stories, opens up emotions, and allows the audience to immerse themselves in moods.<\/p><p>In doing so, she works with various instruments, sounds, effects, and sound experiments to create atmospheric spaces that are individually tailored to each project.<\/p><p><strong>Theater \u00b7 Film \u00b7 Radio Play<\/strong><\/p><p>She composes pieces for radio plays that can be recorded by instrumentalists and provides the finished recordings to the clients.<\/p><p>In films, individually designed soundscapes are created that atmospherically support the scenes.<\/p><p>She develops music and sounds for theatre productions that atmospherically accompany the productions and underline the respective plot.<\/p><p><strong>Music for children<\/strong><\/p><p>In addition, she writes children's song lyrics in German and sets them to music for children's books. The sheet music is published and often sung by children's choirs \u2013 thus bringing the music to life in the books.<\/p>\t\t\t\t\t\t\t\t<\/div>\n\t\t\t\t<\/div>\n\t\t\t\t\t<\/div>\n\t\t\t\t<\/div>\n\t\t<div class=\"elementor-element elementor-element-9c543d4 elementor-hidden-widescreen elementor-hidden-desktop elementor-hidden-tablet e-flex e-con-boxed e-con e-parent\" data-id=\"9c543d4\" data-element_type=\"container\" data-e-type=\"container\" data-settings=\"{&quot;_ha_eqh_enable&quot;:false}\">\n\t\t\t\t\t<div class=\"e-con-inner\">\n\t\t\t\t<div class=\"elementor-element elementor-element-a3d1c97 elementor-widget elementor-widget-heading\" data-id=\"a3d1c97\" data-element_type=\"widget\" data-e-type=\"widget\" data-widget_type=\"heading.default\">\n\t\t\t\t<div class=\"elementor-widget-container\">\n\t\t\t\t\t<h3 class=\"elementor-heading-title elementor-size-default\">The Complete Story\n<\/h3>\t\t\t\t<\/div>\n\t\t\t\t<\/div>\n\t\t\t\t<div class=\"elementor-element elementor-element-c7c6198 elementor-widget elementor-widget-image\" data-id=\"c7c6198\" data-element_type=\"widget\" data-e-type=\"widget\" data-widget_type=\"image.default\">\n\t\t\t\t<div class=\"elementor-widget-container\">\n\t\t\t\t\t\t\t\t\t\t\t\t\t\t\t<img decoding=\"async\" width=\"564\" height=\"34\" src=\"https:\/\/marina-razumovskaja.at\/wp-content\/uploads\/2026\/02\/105788141.avif\" class=\"attachment-full size-full wp-image-4722\" alt=\"105788141\" srcset=\"https:\/\/marina-razumovskaja.at\/wp-content\/uploads\/2026\/02\/105788141.avif 564w, https:\/\/marina-razumovskaja.at\/wp-content\/uploads\/2026\/02\/105788141-300x18.avif 300w\" sizes=\"(max-width: 564px) 100vw, 564px\" title=\"Composer\">\t\t\t\t\t\t\t\t\t\t\t\t\t\t\t<\/div>\n\t\t\t\t<\/div>\n\t\t\t\t<div class=\"elementor-element elementor-element-931e5b1 elementor-widget elementor-widget-text-editor\" data-id=\"931e5b1\" data-element_type=\"widget\" data-e-type=\"widget\" data-widget_type=\"text-editor.default\">\n\t\t\t\t<div class=\"elementor-widget-container\">\n\t\t\t\t\t\t\t\t\t<p><strong>Composition &amp; Sound Design<\/strong><\/p>\n<p>Marina Razumovskaya is engaged as a composer for theater, film, dance, readings, and radio plays. She writes works for ensembles, instrumentalists, and choirs\u2014pieces that she either performs herself or has performed live by others.<\/p>\n<p><br><\/p>\n<p><strong>Musical Signature<\/strong><\/p>\n<p>Her music is characterized by a warm, accessible character that tells stories, opens up emotions, and allows the audience to immerse themselves in moods.<\/p>\n<p>In doing so, she works with various instruments, sounds, effects, and sound experiments to create atmospheric spaces that are individually tailored to each project.<\/p><p><br><\/p>\n<p><strong>Theater \u00b7 Film \u00b7 Radio Play<\/strong><\/p>\n<p>She composes pieces for radio plays that can be recorded by instrumentalists and provides the finished recordings to the clients.<\/p>\n<p>In films, individually designed soundscapes are created that atmospherically support the scenes.<\/p>\n<p>She develops music and sounds for theatre productions that atmospherically accompany the productions and underline the respective plot.<\/p><p><br><\/p>\n<p><strong>Music for children<\/strong><\/p>\n<p>In addition, she writes children's song lyrics in German and sets them to music for children's books. The sheet music is published and often sung by children's choirs \u2013 thus bringing the music to life in the books.<\/p>\t\t\t\t\t\t\t\t<\/div>\n\t\t\t\t<\/div>\n\t\t\t\t\t<\/div>\n\t\t\t\t<\/div>\n\t\t\t\t<\/div>","protected":false},"excerpt":{"rendered":"<p>\u201eIch erschaffe Kl\u00e4nge, die Geschichten tragen und Stimmungen \u00f6ffnen.\u201c Komposition &amp; Klanggestaltung Marina Razumovskaja wird als Komponistin f\u00fcr Theater, Film, Tanz, Lesungen und H\u00f6rspiele engagiert. Sie schreibt Werke f\u00fcr Ensembles, Instrumentalisten und Ch\u00f6re \u2013 die sie selbst interpretiert oder von anderen live auff\u00fchren l\u00e4sst. Musikalische Handschrift Ihre Musik zeichnet sich durch einen warmen, eing\u00e4ngigen Charakter [&hellip;]<\/p>\n","protected":false},"author":1,"featured_media":0,"parent":0,"menu_order":0,"comment_status":"closed","ping_status":"closed","template":"","meta":{"site-sidebar-layout":"no-sidebar","site-content-layout":"page-builder","ast-site-content-layout":"full-width-container","site-content-style":"default","site-sidebar-style":"default","ast-global-header-display":"","ast-banner-title-visibility":"","ast-main-header-display":"","ast-hfb-above-header-display":"","ast-hfb-below-header-display":"","ast-hfb-mobile-header-display":"","site-post-title":"","ast-breadcrumbs-content":"","ast-featured-img":"disabled","footer-sml-layout":"","ast-disable-related-posts":"","theme-transparent-header-meta":"","adv-header-id-meta":"","stick-header-meta":"","header-above-stick-meta":"","header-main-stick-meta":"","header-below-stick-meta":"","astra-migrate-meta-layouts":"set","ast-page-background-enabled":"default","ast-page-background-meta":{"desktop":{"background-color":"var(--ast-global-color-4)","background-image":"","background-repeat":"repeat","background-position":"center center","background-size":"auto","background-attachment":"scroll","background-type":"","background-media":"","overlay-type":"","overlay-color":"","overlay-opacity":"","overlay-gradient":""},"tablet":{"background-color":"","background-image":"","background-repeat":"repeat","background-position":"center center","background-size":"auto","background-attachment":"scroll","background-type":"","background-media":"","overlay-type":"","overlay-color":"","overlay-opacity":"","overlay-gradient":""},"mobile":{"background-color":"","background-image":"","background-repeat":"repeat","background-position":"center center","background-size":"auto","background-attachment":"scroll","background-type":"","background-media":"","overlay-type":"","overlay-color":"","overlay-opacity":"","overlay-gradient":""}},"ast-content-background-meta":{"desktop":{"background-color":"var(--ast-global-color-5)","background-image":"","background-repeat":"repeat","background-position":"center center","background-size":"auto","background-attachment":"scroll","background-type":"","background-media":"","overlay-type":"","overlay-color":"","overlay-opacity":"","overlay-gradient":""},"tablet":{"background-color":"var(--ast-global-color-5)","background-image":"","background-repeat":"repeat","background-position":"center center","background-size":"auto","background-attachment":"scroll","background-type":"","background-media":"","overlay-type":"","overlay-color":"","overlay-opacity":"","overlay-gradient":""},"mobile":{"background-color":"var(--ast-global-color-5)","background-image":"","background-repeat":"repeat","background-position":"center center","background-size":"auto","background-attachment":"scroll","background-type":"","background-media":"","overlay-type":"","overlay-color":"","overlay-opacity":"","overlay-gradient":""}},"footnotes":""},"class_list":["post-4755","page","type-page","status-publish","hentry"],"_links":{"self":[{"href":"https:\/\/marina-razumovskaja.at\/en\/wp-json\/wp\/v2\/pages\/4755","targetHints":{"allow":["GET"]}}],"collection":[{"href":"https:\/\/marina-razumovskaja.at\/en\/wp-json\/wp\/v2\/pages"}],"about":[{"href":"https:\/\/marina-razumovskaja.at\/en\/wp-json\/wp\/v2\/types\/page"}],"author":[{"embeddable":true,"href":"https:\/\/marina-razumovskaja.at\/en\/wp-json\/wp\/v2\/users\/1"}],"replies":[{"embeddable":true,"href":"https:\/\/marina-razumovskaja.at\/en\/wp-json\/wp\/v2\/comments?post=4755"}],"version-history":[{"count":37,"href":"https:\/\/marina-razumovskaja.at\/en\/wp-json\/wp\/v2\/pages\/4755\/revisions"}],"predecessor-version":[{"id":6121,"href":"https:\/\/marina-razumovskaja.at\/en\/wp-json\/wp\/v2\/pages\/4755\/revisions\/6121"}],"wp:attachment":[{"href":"https:\/\/marina-razumovskaja.at\/en\/wp-json\/wp\/v2\/media?parent=4755"}],"curies":[{"name":"wp","href":"https:\/\/api.w.org\/{rel}","templated":true}]}}